{"id":22,"date":"2015-11-03T19:45:08","date_gmt":"2015-11-03T19:45:08","guid":{"rendered":"http:\/\/therawell-melle.de\/2016\/?page_id=22"},"modified":"2015-11-15T14:31:13","modified_gmt":"2015-11-15T13:31:13","slug":"seite-1","status":"publish","type":"page","link":"https:\/\/therawell-melle.de\/2016\/","title":{"rendered":"Willkommen"},"content":{"rendered":"<h2>Willkommen<\/h2>\n<h3>auf der Internetseite des ganzheitlich orientierten Gesundheitszentrums Therawell in Melle.<\/h3>\n<h3>Unser Motto: Heilen mit Humor!<\/h3>\n<p>Lassen Sie ihre \u00e4rztlichen Verordnungen von unseren anerkannten Physiotherapeuten und Masseuren durchf\u00fchren<br \/>\noder genie\u00dfen Sie ganz einfach Streicheleinheiten f\u00fcr die Seele mit unserem umfangreichen Wellnessangebot.<\/p>\n<p>Sie finden uns im 1.Obergeschoss des Bahnhof Melle.<\/p>\n<p>Bei Fragen oder Terminw\u00fcnschen rufen Sie uns einfach unter folgender Nummer an: 05422 &#8211; 958050<br \/>\nWir nehmen uns Zeit, denn bei uns gibt es keine Wartezeit auf Termine!<\/p>\n<p>Mein Team und ich freuen uns auf Sie&#8230;<\/p>\n<h3>Ihre<br \/>\nChristiane Neubauer<\/h3>\n","protected":false},"excerpt":{"rendered":"<p>Willkommen auf der Internetseite des ganzheitlich orientierten Gesundheitszentrums Therawell in Melle. Unser Motto: Heilen mit Humor! Lassen Sie ihre \u00e4rztlichen Verordnungen von unseren anerkannten Physiotherapeuten und Masseuren durchf\u00fchren oder genie\u00dfen Sie ganz einfach Streicheleinheiten f\u00fcr die Seele mit unserem umfangreichen Wellnessangebot. Sie finden uns im 1.Obergeschoss des Bahnhof Melle. Bei&#8230;<\/p>\n","protected":false},"author":1,"featured_media":0,"parent":0,"menu_order":0,"comment_status":"closed","ping_status":"closed","template":"","meta":[],"_links":{"self":[{"href":"https:\/\/therawell-melle.de\/2016\/wp-json\/wp\/v2\/pages\/22"}],"collection":[{"href":"https:\/\/therawell-melle.de\/2016\/wp-json\/wp\/v2\/pages"}],"about":[{"href":"https:\/\/therawell-melle.de\/2016\/wp-json\/wp\/v2\/types\/page"}],"author":[{"embeddable":true,"href":"https:\/\/therawell-melle.de\/2016\/wp-json\/wp\/v2\/users\/1"}],"replies":[{"embeddable":true,"href":"https:\/\/therawell-melle.de\/2016\/wp-json\/wp\/v2\/comments?post=22"}],"version-history":[{"count":10,"href":"https:\/\/therawell-melle.de\/2016\/wp-json\/wp\/v2\/pages\/22\/revisions"}],"predecessor-version":[{"id":7932,"href":"https:\/\/therawell-melle.de\/2016\/wp-json\/wp\/v2\/pages\/22\/revisions\/7932"}],"wp:attachment":[{"href":"https:\/\/therawell-melle.de\/2016\/wp-json\/wp\/v2\/media?parent=22"}],"curies":[{"name":"wp","href":"https:\/\/api.w.org\/{rel}","templated":true}]}}