{"id":5583,"date":"2015-11-04T21:50:28","date_gmt":"2015-11-04T20:50:28","guid":{"rendered":"http:\/\/therawell-melle.de\/2016\/?page_id=5583"},"modified":"2015-12-29T15:42:39","modified_gmt":"2015-12-29T14:42:39","slug":"physiotherapie-2","status":"publish","type":"page","link":"https:\/\/therawell-melle.de\/2016\/physiotherapie-2\/","title":{"rendered":"Physiotherapie"},"content":{"rendered":"<h3>Ein \u00dcberblick \u00fcber unser Therapieangebot:<\/h3>\n<div class=\"su-row\">\n<div class=\"su-column su-column-size-1-2\"><div class=\"su-column-inner su-u-clearfix su-u-trim\">\n<p><strong>Physiotherapie <\/strong>(mit Zertifikat)<br \/>\nEine individuelle Behandlung ihrer Beschwerden &amp; Funktiontseinschr\u00e4nkungen mit Erarbeitung eines gemeinsamen Therapiezieles.<\/p>\n<p><strong>manuelle Therapie <\/strong>(mit Zertifikat)<br \/>\nBehandlung von Gelenkeinschr\u00e4nkungen im K\u00f6rper, die zu Schmerzen f\u00fchren.<\/p>\n<p><strong>Bobath f\u00fcr Erwachsene <\/strong>(mit Zertifikat)<br \/>\nSpezielle Therapie zur Behandlung neurologischer Erkrankungen zur Verbesserung im Alltag\/Lebensqualit\u00e4t f\u00fcr Erwachsene.<\/p>\n<p><strong>manuelle Lymphdrainage <\/strong>(mit Zertifikat)<br \/>\nEine spezielle Behandlungstechnik zur Reduzierung der Gewebefl\u00fcssigkeit aus dem K\u00f6rper,z.B.nach Operationen.<\/p>\n<p><strong>KG-Ger\u00e4t <\/strong>(mit Zertifikat)<br \/>\nTraining an Ger\u00e4ten f\u00fcr die Muskelkraftausdauer,zur Muskelkr\u00e4ftignung und zum Ausgleich von muskul\u00e4ren Dysbalancen.<\/p>\n<p><strong>Kiefergelenks-Physiotherapie<\/strong><br \/>\nBehandlung der Craniomandibul\u00e4re Dysfunktion (CMD), einer St\u00f6rung des Kausystems, welche urs\u00e4chlich f\u00fcr vielerlei Schmerzen (\u00e4hneknirschen, Kiefergelenks-, Ohren-, Kopf-, R\u00fcckenschmerzen, Schwindel, Migr\u00e4ne, Schulterverspannungen, H\u00fcft- und Knieprobleme, Tinnitus) sein kann.<\/p>\n<p><strong>Schlingentisch-Therapie<\/strong><br \/>\nIm Schlingentisch werden zur Entlastung einzelne K\u00f6rperteile oder der ganze K\u00f6rper in Schlingen aufgeh\u00e4ngt. Der K\u00f6rper &#8220;schwebt&#8221;,dadurch wird ein schmerzlindernder Zustand erreich und die Behandlung verbessert.<\/p>\n<p class=\"bodytext\"><strong>Elektrotherapie<\/strong><br \/>\nElektrotherapie nutzt die Kraft elektrischer Str\u00f6me oder Stromimpulse, um die nat\u00fcrlichen Heilungsvorg\u00e4nge im K\u00f6rper zu aktivieren und zu unterst\u00fctzen.<\/p>\n<p><strong>klassische Massage<\/strong><br \/>\nZiel ist die Lockerung einzelner Muskelpartien, Durchblutungsf\u00f6rderung und gezielte Schmerzlinderung<\/p>\n<p><strong>W\u00e4rmetherapie<\/strong><br \/>\nF\u00f6rderung der Durchblutung der Haut und der Muskulatur zur Vorbereitung der Massage.<\/p>\n<p><strong>Fussreflexzonenmassage<\/strong><br \/>\nReflexzonen des K\u00f6rpers spiegeln sich unter dem Fu\u00df wieder, sie werden mit Druck des Daumens vom Therapeuten bearbeitet.<\/p>\n<p>&#8230;und vieles mehr!<\/p>\n<\/div><\/div>\n<div class=\"su-column su-column-size-1-2\"><div class=\"su-column-inner su-u-clearfix su-u-trim\">\n<div class=\"flexslider ewic-slider-lite is_on_\" id=\"ewic-con-595769eb280acfa08\"><style>#ewic-con-595769eb280acfa08 { max-width: 500px;}<\/style><div id=\"preloader-595769eb280acfa08\" class=\"sliderpreloader\"><\/div><ul style=\"display:none;\" class=\"slides flexslider-595769eb280acfa08\"><li class=\"ewic-slider\"><a href=\"https:\/\/therawell-melle.de\/2016\/wp-content\/uploads\/2016\/01\/Physiotherapie.jpg\"   rel=\"lightbox[5957] ewicprettyPhoto[595769eb280acfa08]\"><img  class=\"ewic-wid-imgs\" src=\"https:\/\/therawell-melle.de\/2016\/wp-content\/uploads\/2016\/01\/Physiotherapie.jpg\" \/><p class=\"flex-caption\"><\/p><\/a><\/li><li class=\"ewic-slider\"><a href=\"https:\/\/therawell-melle.de\/2016\/wp-content\/uploads\/2016\/01\/Behandlungsraum-1.jpg\"   rel=\"lightbox[5957] ewicprettyPhoto[595769eb280acfa08]\"><img  class=\"ewic-wid-imgs\" src=\"https:\/\/therawell-melle.de\/2016\/wp-content\/uploads\/2016\/01\/Behandlungsraum-1.jpg\" \/><p class=\"flex-caption\"><\/p><\/a><\/li><li class=\"ewic-slider\"><a href=\"https:\/\/therawell-melle.de\/2016\/wp-content\/uploads\/2016\/01\/Ger\u00e4teraum-1.jpg\"   rel=\"lightbox[5957] ewicprettyPhoto[595769eb280acfa08]\"><img  class=\"ewic-wid-imgs\" src=\"https:\/\/therawell-melle.de\/2016\/wp-content\/uploads\/2016\/01\/Ger\u00e4teraum-1.jpg\" \/><p class=\"flex-caption\"><\/p><\/a><\/li><li class=\"ewic-slider\"><a href=\"https:\/\/therawell-melle.de\/2016\/wp-content\/uploads\/2016\/01\/Physiotherapie-1.jpg\"   rel=\"lightbox[5957] ewicprettyPhoto[595769eb280acfa08]\"><img  class=\"ewic-wid-imgs\" src=\"https:\/\/therawell-melle.de\/2016\/wp-content\/uploads\/2016\/01\/Physiotherapie-1.jpg\" \/><p class=\"flex-caption\"><\/p><\/a><\/li><li class=\"ewic-slider\"><a href=\"https:\/\/therawell-melle.de\/2016\/wp-content\/uploads\/2016\/01\/Gymnastikraum.jpg\"   rel=\"lightbox[5957] ewicprettyPhoto[595769eb280acfa08]\"><img  class=\"ewic-wid-imgs\" src=\"https:\/\/therawell-melle.de\/2016\/wp-content\/uploads\/2016\/01\/Gymnastikraum.jpg\" \/><p class=\"flex-caption\"><\/p><\/a><\/li><li class=\"ewic-slider\"><a href=\"https:\/\/therawell-melle.de\/2016\/wp-content\/uploads\/2016\/01\/Ger\u00e4teraum-2.jpg\"   rel=\"lightbox[5957] ewicprettyPhoto[595769eb280acfa08]\"><img  class=\"ewic-wid-imgs\" src=\"https:\/\/therawell-melle.de\/2016\/wp-content\/uploads\/2016\/01\/Ger\u00e4teraum-2.jpg\" \/><p class=\"flex-caption\"><\/p><\/a><\/li><li class=\"ewic-slider\"><a href=\"https:\/\/therawell-melle.de\/2016\/wp-content\/uploads\/2016\/01\/Behandlungsraum-2.jpg\"   rel=\"lightbox[5957] ewicprettyPhoto[595769eb280acfa08]\"><img  class=\"ewic-wid-imgs\" src=\"https:\/\/therawell-melle.de\/2016\/wp-content\/uploads\/2016\/01\/Behandlungsraum-2.jpg\" \/><p class=\"flex-caption\"><\/p><\/a><\/li><li class=\"ewic-slider\"><a href=\"https:\/\/therawell-melle.de\/2016\/wp-content\/uploads\/2016\/01\/Egon-e1725292156845.jpg\"   rel=\"lightbox[5957] ewicprettyPhoto[595769eb280acfa08]\"><img  class=\"ewic-wid-imgs\" src=\"https:\/\/therawell-melle.de\/2016\/wp-content\/uploads\/2016\/01\/Egon-e1725292156845.jpg\" \/><p class=\"flex-caption\"><\/p><\/a><\/li><\/ul><script type=\"text\/javascript\">\r\n\tjQuery(document).ready(function($) {\r\n\r\n\t\t$(\"#preloader-595769eb280acfa08\").fadeOut(500, function () {\r\n\r\n\t\t\t$(\"#ewic-con-595769eb280acfa08\").addClass(\"ready_to_show\");\r\n\r\n\t\t\t$(\"a[rel^='ewicprettyPhoto[595769eb280acfa08]']\").ewcPhoto({\r\n\t\t\t\ttheme: \"ewc_default\",\r\n\t\t\t\tallow_expand: false,\r\n\t\t\t\tdeeplinking: false,\r\n\t\t\t\tslideshow:5000,\r\n\t\t\t\tautoplay_slideshow:true,\r\n\t\t\t\tsocial_tools:false\r\n\t\t\t});\r\n\r\n\t\t\t$(\".flexslider-595769eb280acfa08\").fadeIn(300);\r\n\r\n\t\t\t$(\"#ewic-con-595769eb280acfa08\").flexslider({\r\n\t\t\t\tanimation: \"slide\",\r\n\t\t\t\tanimationSpeed: 0,\r\n\t\t\t\tuseCSS: false,\r\n\t\t\t\teasing: \"easeInQuad\",\r\n\t\t\t\tdirection: \"horizontal\",\r\n\t\t\t\tslideshow: true,\r\n\t\t\t\tsmoothHeight: true,\r\n\t\t\t\tpauseOnHover: true,\r\n\t\t\t\tcontrolNav: false,\r\n\t\t\t\tprevText: \"\",\r\n\t\t\t\tnextText: \"\",\r\n\t\t\t\trtl: false,\r\n\t\t\t\tslideshowSpeed: 5000,\r\n\t\t\t\tstart: function(slider){\r\n\t\t\t\t\t$(\"#ewic-con-595769eb280acfa08\").find(\".flex-caption\").hide();\r\n\t\t\t\t\tvar curSlide = slider.find(\"li.flex-active-slide\");\r\n\t\t\t\t\t$(curSlide).find(\".flex-caption\").slideDown();\r\n\t\t\t\t},\r\n\t\t\t\tbefore: function(slider) {\r\n\t\t\t\t\t$(\"#ewic-con-595769eb280acfa08\").find(\".flex-caption\").slideUp();\r\n\t\t\t\t},\r\n\t\t\t\tafter: function(slider) {\r\n\t\t\t\t\tvar curSlide = slider.find(\"li.flex-active-slide\");\r\n\t\t\t\t\t$(curSlide).find(\".flex-caption\").slideDown();\r\n\t\t\t\t}\r\n\r\n\t\t\t});\r\n\r\n\t\t});\r\n\r\n\t});\r\n<\/script><\/div>\r\n\n<\/div><\/div>\n<\/div>\n","protected":false},"excerpt":{"rendered":"<p>Ein \u00dcberblick \u00fcber unser Therapieangebot:<\/p>\n","protected":false},"author":1,"featured_media":0,"parent":0,"menu_order":0,"comment_status":"closed","ping_status":"closed","template":"template-fullwidth.php","meta":[],"_links":{"self":[{"href":"https:\/\/therawell-melle.de\/2016\/wp-json\/wp\/v2\/pages\/5583"}],"collection":[{"href":"https:\/\/therawell-melle.de\/2016\/wp-json\/wp\/v2\/pages"}],"about":[{"href":"https:\/\/therawell-melle.de\/2016\/wp-json\/wp\/v2\/types\/page"}],"author":[{"embeddable":true,"href":"https:\/\/therawell-melle.de\/2016\/wp-json\/wp\/v2\/users\/1"}],"replies":[{"embeddable":true,"href":"https:\/\/therawell-melle.de\/2016\/wp-json\/wp\/v2\/comments?post=5583"}],"version-history":[{"count":9,"href":"https:\/\/therawell-melle.de\/2016\/wp-json\/wp\/v2\/pages\/5583\/revisions"}],"predecessor-version":[{"id":6028,"href":"https:\/\/therawell-melle.de\/2016\/wp-json\/wp\/v2\/pages\/5583\/revisions\/6028"}],"wp:attachment":[{"href":"https:\/\/therawell-melle.de\/2016\/wp-json\/wp\/v2\/media?parent=5583"}],"curies":[{"name":"wp","href":"https:\/\/api.w.org\/{rel}","templated":true}]}}