{"id":5585,"date":"2015-11-04T21:52:32","date_gmt":"2015-11-04T20:52:32","guid":{"rendered":"http:\/\/therawell-melle.de\/2016\/?page_id=5585"},"modified":"2017-12-25T14:48:51","modified_gmt":"2017-12-25T13:48:51","slug":"wellness-2","status":"publish","type":"page","link":"https:\/\/therawell-melle.de\/2016\/wellness-2\/","title":{"rendered":"Wellness"},"content":{"rendered":"<h3>Unser Wellnessangebot:<\/h3>\n<div class=\"su-row\">\n<div class=\"su-column su-column-size-1-2\"><div class=\"su-column-inner su-u-clearfix su-u-trim\">\n<p><strong>Ayurveda-Massage (90 Minuten)<\/strong><br \/>\nDie ayurvedische \u00d6lmassage (Abhyanga) dient zur Entspannung und Regeneration aller Organsysteme. Die wohltuende Kraft warmer \u00d6le dient der Harmonisierung der K\u00f6rperenergie und unterst\u00fctzt die Entschlackung des K\u00f6rpergewebes.<\/p>\n<p><strong>Hot-Stone-Massage (40 oder 60 Minuten)<\/strong><br \/>\nDiese Masage ist eine faszinierende Verbindung aus Massage, Energiebehandlung und der wohltuenden Wirkung warmer Basltsteine.<\/p>\n<p><strong>Kr\u00e4uterstempel-Massage (40 Minuten)<\/strong><br \/>\nDie thermische Massage verspricht durch wohlige W\u00e4rme verschiedener exotischer D\u00fcfte der Kr\u00e4uterstempel ein besonderes Entspannungserlebnis.<\/p>\n<p><strong>Aroma\u00f6l-Massage (25 Minuten)<\/strong><br \/>\nW\u00e4hlen Sie zwischen belebenden (Zitrone, Orange oder Grapefruit) oder beruhigenden (Rosmarin, Lavendel, Flowers) Aromen f\u00fcr ihr ganz pers\u00f6nliches Wellnes-Erlebnis.<\/p>\n<p><strong>Breuss Massage (25 Minuten)<\/strong><br \/>\nHilft Menschen mit R\u00fcckenproblemen. Es handelt sich um eine energetische Massage mit Johanneskraut\u00f6l entlang der Wirbels\u00e4ule, unter Ber\u00fccksichtigung der Meridiane. Die Streckung der Wirbels\u00e4ule verschafft den Bandscheiben mehr Platz. Die Massage wird sanft und mit wenig Druck ausgef\u00fchrt und f\u00fchrt zu einer sofortigen Tiefenentspannung und zur Beruhigung der Nerven. Dient auch zur Vor-und Nachbereitung der Dorntherapie.<\/p>\n<p><strong>Lomi Lomi Nui Massage (80 Minuten)<\/strong><br \/>\nTraditionelle hawaiianische Massage, durch die Blockaden gel\u00f6st und die Harmonie von K\u00f6rper, Geist und Seele wiederhergestellt werden soll. Es wird nicht nur mit den H\u00e4nden gearbeitet, sondern es kommt der gesamte Unterarm inkl. Ellbogen in flie\u00dfenden und leicht schaukelnden Beweggen zum Einsatz.<\/p>\n<p><strong>Fussreflexzonenmassage<\/strong><br \/>\nReflexzonen des K\u00f6rpers spiegeln sich unter dem Fu\u00df wieder, sie werden mit Druck des Daumens vom Therapeuten bearbeitet.<\/p>\n<\/div><\/div>\n<div class=\"su-column su-column-size-1-2\"><div class=\"su-column-inner su-u-clearfix su-u-trim\">\n<div class=\"flexslider ewic-slider-lite is_on_\" id=\"ewic-con-596469ff05c0b9e71\"><style>#ewic-con-596469ff05c0b9e71 { max-width: 500px;}<\/style><div id=\"preloader-596469ff05c0b9e71\" class=\"sliderpreloader\"><\/div><ul style=\"display:none;\" class=\"slides flexslider-596469ff05c0b9e71\"><li class=\"ewic-slider\"><a href=\"https:\/\/therawell-melle.de\/2016\/wp-content\/uploads\/2016\/01\/Wellness_07.jpg\"   rel=\"lightbox[5964] ewicprettyPhoto[596469ff05c0b9e71]\"><img  class=\"ewic-wid-imgs\" src=\"https:\/\/therawell-melle.de\/2016\/wp-content\/uploads\/2016\/01\/Wellness_07.jpg\" \/><p class=\"flex-caption\"><\/p><\/a><\/li><li class=\"ewic-slider\"><a href=\"https:\/\/therawell-melle.de\/2016\/wp-content\/uploads\/2016\/01\/Wellness_06.jpg\"   rel=\"lightbox[5964] ewicprettyPhoto[596469ff05c0b9e71]\"><img  class=\"ewic-wid-imgs\" src=\"https:\/\/therawell-melle.de\/2016\/wp-content\/uploads\/2016\/01\/Wellness_06.jpg\" \/><p class=\"flex-caption\"><\/p><\/a><\/li><li class=\"ewic-slider\"><a href=\"https:\/\/therawell-melle.de\/2016\/wp-content\/uploads\/2016\/01\/Wellness_03.jpg\"   rel=\"lightbox[5964] ewicprettyPhoto[596469ff05c0b9e71]\"><img  class=\"ewic-wid-imgs\" src=\"https:\/\/therawell-melle.de\/2016\/wp-content\/uploads\/2016\/01\/Wellness_03.jpg\" \/><p class=\"flex-caption\"><\/p><\/a><\/li><li class=\"ewic-slider\"><a href=\"https:\/\/therawell-melle.de\/2016\/wp-content\/uploads\/2016\/01\/Wellness_02.jpg\"   rel=\"lightbox[5964] ewicprettyPhoto[596469ff05c0b9e71]\"><img  class=\"ewic-wid-imgs\" src=\"https:\/\/therawell-melle.de\/2016\/wp-content\/uploads\/2016\/01\/Wellness_02.jpg\" \/><p class=\"flex-caption\"><\/p><\/a><\/li><li class=\"ewic-slider\"><a href=\"https:\/\/therawell-melle.de\/2016\/wp-content\/uploads\/2016\/01\/Wellness_05.jpg\"   rel=\"lightbox[5964] ewicprettyPhoto[596469ff05c0b9e71]\"><img  class=\"ewic-wid-imgs\" src=\"https:\/\/therawell-melle.de\/2016\/wp-content\/uploads\/2016\/01\/Wellness_05.jpg\" \/><p class=\"flex-caption\"><\/p><\/a><\/li><li class=\"ewic-slider\"><a href=\"https:\/\/therawell-melle.de\/2016\/wp-content\/uploads\/2016\/01\/Wellness_04.jpg\"   rel=\"lightbox[5964] ewicprettyPhoto[596469ff05c0b9e71]\"><img  class=\"ewic-wid-imgs\" src=\"https:\/\/therawell-melle.de\/2016\/wp-content\/uploads\/2016\/01\/Wellness_04.jpg\" \/><p class=\"flex-caption\"><\/p><\/a><\/li><li class=\"ewic-slider\"><a href=\"https:\/\/therawell-melle.de\/2016\/wp-content\/uploads\/2016\/01\/Wellness_01.jpg\"   rel=\"lightbox[5964] ewicprettyPhoto[596469ff05c0b9e71]\"><img  class=\"ewic-wid-imgs\" src=\"https:\/\/therawell-melle.de\/2016\/wp-content\/uploads\/2016\/01\/Wellness_01.jpg\" \/><p class=\"flex-caption\"><\/p><\/a><\/li><li class=\"ewic-slider\"><a href=\"https:\/\/therawell-melle.de\/2016\/wp-content\/uploads\/2022\/11\/20220915_165937-scaled.jpg\" title=\"20220915_165937\"  rel=\"lightbox[5964] ewicprettyPhoto[596469ff05c0b9e71]\"><img title=\"20220915_165937\" class=\"ewic-wid-imgs\" src=\"https:\/\/therawell-melle.de\/2016\/wp-content\/uploads\/2022\/11\/20220915_165937-scaled.jpg\" \/><p class=\"flex-caption\">20220915_165937<\/p><\/a><\/li><\/ul><script type=\"text\/javascript\">\r\n\tjQuery(document).ready(function($) {\r\n\r\n\t\t$(\"#preloader-596469ff05c0b9e71\").fadeOut(500, function () {\r\n\r\n\t\t\t$(\"#ewic-con-596469ff05c0b9e71\").addClass(\"ready_to_show\");\r\n\r\n\t\t\t$(\"a[rel^='ewicprettyPhoto[596469ff05c0b9e71]']\").ewcPhoto({\r\n\t\t\t\ttheme: \"ewc_default\",\r\n\t\t\t\tallow_expand: false,\r\n\t\t\t\tdeeplinking: false,\r\n\t\t\t\tslideshow:5000,\r\n\t\t\t\tautoplay_slideshow:true,\r\n\t\t\t\tsocial_tools:false\r\n\t\t\t});\r\n\r\n\t\t\t$(\".flexslider-596469ff05c0b9e71\").fadeIn(300);\r\n\r\n\t\t\t$(\"#ewic-con-596469ff05c0b9e71\").flexslider({\r\n\t\t\t\tanimation: \"slide\",\r\n\t\t\t\tanimationSpeed: 0,\r\n\t\t\t\tuseCSS: false,\r\n\t\t\t\teasing: \"easeInQuad\",\r\n\t\t\t\tdirection: \"horizontal\",\r\n\t\t\t\tslideshow: true,\r\n\t\t\t\tsmoothHeight: true,\r\n\t\t\t\tpauseOnHover: true,\r\n\t\t\t\tcontrolNav: false,\r\n\t\t\t\tprevText: \"\",\r\n\t\t\t\tnextText: \"\",\r\n\t\t\t\trtl: false,\r\n\t\t\t\tslideshowSpeed: 5000,\r\n\t\t\t\tstart: function(slider){\r\n\t\t\t\t\t$(\"#ewic-con-596469ff05c0b9e71\").find(\".flex-caption\").hide();\r\n\t\t\t\t\tvar curSlide = slider.find(\"li.flex-active-slide\");\r\n\t\t\t\t\t$(curSlide).find(\".flex-caption\").slideDown();\r\n\t\t\t\t},\r\n\t\t\t\tbefore: function(slider) {\r\n\t\t\t\t\t$(\"#ewic-con-596469ff05c0b9e71\").find(\".flex-caption\").slideUp();\r\n\t\t\t\t},\r\n\t\t\t\tafter: function(slider) {\r\n\t\t\t\t\tvar curSlide = slider.find(\"li.flex-active-slide\");\r\n\t\t\t\t\t$(curSlide).find(\".flex-caption\").slideDown();\r\n\t\t\t\t}\r\n\r\n\t\t\t});\r\n\r\n\t\t});\r\n\r\n\t});\r\n<\/script><\/div>\r\n\n<\/div><\/div>\n<\/div>\n","protected":false},"excerpt":{"rendered":"<p>Unser Wellnessangebot:<\/p>\n","protected":false},"author":1,"featured_media":0,"parent":0,"menu_order":0,"comment_status":"closed","ping_status":"closed","template":"template-fullwidth.php","meta":[],"_links":{"self":[{"href":"https:\/\/therawell-melle.de\/2016\/wp-json\/wp\/v2\/pages\/5585"}],"collection":[{"href":"https:\/\/therawell-melle.de\/2016\/wp-json\/wp\/v2\/pages"}],"about":[{"href":"https:\/\/therawell-melle.de\/2016\/wp-json\/wp\/v2\/types\/page"}],"author":[{"embeddable":true,"href":"https:\/\/therawell-melle.de\/2016\/wp-json\/wp\/v2\/users\/1"}],"replies":[{"embeddable":true,"href":"https:\/\/therawell-melle.de\/2016\/wp-json\/wp\/v2\/comments?post=5585"}],"version-history":[{"count":10,"href":"https:\/\/therawell-melle.de\/2016\/wp-json\/wp\/v2\/pages\/5585\/revisions"}],"predecessor-version":[{"id":6143,"href":"https:\/\/therawell-melle.de\/2016\/wp-json\/wp\/v2\/pages\/5585\/revisions\/6143"}],"wp:attachment":[{"href":"https:\/\/therawell-melle.de\/2016\/wp-json\/wp\/v2\/media?parent=5585"}],"curies":[{"name":"wp","href":"https:\/\/api.w.org\/{rel}","templated":true}]}}