{"id":5587,"date":"2015-11-04T21:53:27","date_gmt":"2015-11-04T20:53:27","guid":{"rendered":"http:\/\/therawell-melle.de\/2016\/?page_id=5587"},"modified":"2024-09-02T17:42:19","modified_gmt":"2024-09-02T15:42:19","slug":"praevention","status":"publish","type":"page","link":"https:\/\/therawell-melle.de\/2016\/praevention\/","title":{"rendered":"Pr\u00e4vention"},"content":{"rendered":"<h3>Zur Vorbeugung von Beschwerden bieten wir folgende pr\u00e4ventive Ma\u00dfnahmen an:<\/h3>\n<div class=\"su-row\">\n<div class=\"su-column su-column-size-1-2\"><div class=\"su-column-inner su-u-clearfix su-u-trim\">\n<p><strong>Wirbels\u00e4ulengymnastik<br \/>\n<\/strong> Pr\u00e4ventionstraining, um das Auftreten von R\u00fcckenproblemen schon im Vorfeld zu verhindern. Der gesamte K\u00f6rper wird durch die St\u00e4rkung der wichtigen Rumpfmuskulatur f\u00fcr die Anforderungen des Alltags gewappnet. Zum Einsatz kommen dabei viele verschiedene \u00dcbungen aus dem funktionellen Bereich.<\/p>\n<p><strong>T-RENA &#8211; <\/strong><strong>Trainingstherapeutische Rehabilitationsnachsorge<br \/>\n<\/strong>Ger\u00e4tegest\u00fctztes Training zur Wiederherstellung der k\u00f6rperliche Leistungs-f\u00e4higkeit nach H\u00fcft-TEP, Knie-TEP oder Wirbels\u00e4ulenoperationen. Im Rahmen der Nachsorge werden Beweglichkeit, Koordination, Kraft und Ausdauer trainiert. Schmerzen werden gelindert und die Leistungs- und Belastungsf\u00e4higkeit der Teilnehmer gesteigert. Hierf\u00fcr werden in offenen Gruppen von bis zu 12 Personen ger\u00e4tegest\u00fctzte \u00dcbungen durchgef\u00fchrt. In der Regel umfasst die Nachsorge 26 Termine (jeweils 60 Minuten). Die Therapien werden zwei Mal pro Woche durchgef\u00fchrt.<\/p>\n<p><strong>R\u00fcckenschule nach Dr. Br\u00fcckner <\/strong>(mit Zertifikat)<br \/>\nErlernen Sie auf ganz individuelle Weise, wie einfach Schmerzfreiheit (in Bezug auf muskul\u00e4res Ungleichgewicht) sein kann und welche Vorteile ihr eigener aufrechter K\u00f6rper hat. Ein besonderes Merkmal in der R\u00fcckenschule, ist das &#8220;Zahnradmodel&#8221; nach Dr. Br\u00fcgger.<\/p>\n<p><strong>Autogenes Training <\/strong>(mit Zertifikat)<br \/>\nEin Entspannungsverfahren, das der Berliner Psychiater Johann Heinrich Schultz in den 1920er Jahren entwickelt hat. Im Vordergrund des Autogenen Trainings steht die Selbstentspannung beziehungsweise die F\u00e4higkeit zur Selbstentspannung, die sich mittels autosuggestiver (sich selbst beeinflussender) \u00dcbungen verbessern soll.<\/p>\n<p><strong>Stressmanagement <\/strong>(mit Zertifikat)<br \/>\nHier lernen Sie Methoden kennen, um psychisch belastenden Stress zu verringern oder ganz abzubauen.<\/p>\n<p><strong>betriebliche Gesundheitsf\u00f6rderung<br \/>\n<\/strong>mit unseren individuell zugeschnittenen Konzepten halten Sie sich und ihre Mitarbeiter fit, st\u00e4rken Sie das Gemeinschaftsgef\u00fchl und die Teamf\u00e4higkeit und reduzieren Sie den Krankenstand. <strong><br \/>\n<\/strong><\/p>\n<p><strong>\u00dcbrigens: Pr\u00e4ventionskurse werden von den Krankenkassen gef\u00f6rdert!<\/strong><br \/>\nNach \u00a720 des Sozialgesetzbuches des Pr\u00e4ventionsleitfaden sind Erstattungen bis zu 85% des Kursbetrages m\u00f6glich.<br \/>\nLassen Sie sich von ihrer Krassenkasse beraten!<\/p>\n<\/div><\/div>\n<div class=\"su-column su-column-size-1-2\"><div class=\"su-column-inner su-u-clearfix su-u-trim\">\n<p><span class=\"ewic-scode-block\"><div class=\"flexslider ewic-slider-lite is_on_\" id=\"ewic-con-598169fb301f3daf4\"><style>#ewic-con-598169fb301f3daf4 { max-width: 500px;}<\/style><div id=\"preloader-598169fb301f3daf4\" class=\"sliderpreloader\"><\/div><ul style=\"display:none;\" class=\"slides flexslider-598169fb301f3daf4\"><li class=\"ewic-slider\"><a href=\"https:\/\/therawell-melle.de\/2016\/wp-content\/uploads\/2016\/01\/aqua-fit_1.jpg\"   rel=\"lightbox[5981] ewicprettyPhoto[598169fb301f3daf4]\"><img  class=\"ewic-wid-imgs\" src=\"https:\/\/therawell-melle.de\/2016\/wp-content\/uploads\/2016\/01\/aqua-fit_1.jpg\" \/><p class=\"flex-caption\"><\/p><\/a><\/li><li class=\"ewic-slider\"><a href=\"https:\/\/therawell-melle.de\/2016\/wp-content\/uploads\/2016\/01\/aqua-fit_2.jpg\"   rel=\"lightbox[5981] ewicprettyPhoto[598169fb301f3daf4]\"><img  class=\"ewic-wid-imgs\" src=\"https:\/\/therawell-melle.de\/2016\/wp-content\/uploads\/2016\/01\/aqua-fit_2.jpg\" \/><p class=\"flex-caption\"><\/p><\/a><\/li><li class=\"ewic-slider\"><a href=\"https:\/\/therawell-melle.de\/2016\/wp-content\/uploads\/2016\/01\/babyschwimmen_1.jpg\"   rel=\"lightbox[5981] ewicprettyPhoto[598169fb301f3daf4]\"><img  class=\"ewic-wid-imgs\" src=\"https:\/\/therawell-melle.de\/2016\/wp-content\/uploads\/2016\/01\/babyschwimmen_1.jpg\" \/><p class=\"flex-caption\"><\/p><\/a><\/li><li class=\"ewic-slider\"><a href=\"https:\/\/therawell-melle.de\/2016\/wp-content\/uploads\/2016\/01\/babyschwimmen_2.jpg\"   rel=\"lightbox[5981] ewicprettyPhoto[598169fb301f3daf4]\"><img  class=\"ewic-wid-imgs\" src=\"https:\/\/therawell-melle.de\/2016\/wp-content\/uploads\/2016\/01\/babyschwimmen_2.jpg\" \/><p class=\"flex-caption\"><\/p><\/a><\/li><li class=\"ewic-slider\"><a href=\"https:\/\/therawell-melle.de\/2016\/wp-content\/uploads\/2016\/01\/gymnastik_1.jpg\"   rel=\"lightbox[5981] ewicprettyPhoto[598169fb301f3daf4]\"><img  class=\"ewic-wid-imgs\" src=\"https:\/\/therawell-melle.de\/2016\/wp-content\/uploads\/2016\/01\/gymnastik_1.jpg\" \/><p class=\"flex-caption\"><\/p><\/a><\/li><li class=\"ewic-slider\"><a href=\"https:\/\/therawell-melle.de\/2016\/wp-content\/uploads\/2016\/01\/gymnastik_2.jpg\"   rel=\"lightbox[5981] ewicprettyPhoto[598169fb301f3daf4]\"><img  class=\"ewic-wid-imgs\" src=\"https:\/\/therawell-melle.de\/2016\/wp-content\/uploads\/2016\/01\/gymnastik_2.jpg\" \/><p class=\"flex-caption\"><\/p><\/a><\/li><li class=\"ewic-slider\"><a href=\"https:\/\/therawell-melle.de\/2016\/wp-content\/uploads\/2022\/11\/20220915_165155-scaled.jpg\" title=\"20220915_165155\"  rel=\"lightbox[5981] ewicprettyPhoto[598169fb301f3daf4]\"><img title=\"20220915_165155\" class=\"ewic-wid-imgs\" src=\"https:\/\/therawell-melle.de\/2016\/wp-content\/uploads\/2022\/11\/20220915_165155-scaled.jpg\" \/><p class=\"flex-caption\">20220915_165155<\/p><\/a><\/li><li class=\"ewic-slider\"><a href=\"https:\/\/therawell-melle.de\/2016\/wp-content\/uploads\/2022\/11\/20220915_165216-scaled.jpg\" title=\"20220915_165216\"  rel=\"lightbox[5981] ewicprettyPhoto[598169fb301f3daf4]\"><img title=\"20220915_165216\" class=\"ewic-wid-imgs\" src=\"https:\/\/therawell-melle.de\/2016\/wp-content\/uploads\/2022\/11\/20220915_165216-scaled.jpg\" \/><p class=\"flex-caption\">20220915_165216<\/p><\/a><\/li><li class=\"ewic-slider\"><a href=\"https:\/\/therawell-melle.de\/2016\/wp-content\/uploads\/2022\/11\/20220915_165530-scaled.jpg\" title=\"20220915_165530\"  rel=\"lightbox[5981] ewicprettyPhoto[598169fb301f3daf4]\"><img title=\"20220915_165530\" class=\"ewic-wid-imgs\" src=\"https:\/\/therawell-melle.de\/2016\/wp-content\/uploads\/2022\/11\/20220915_165530-scaled.jpg\" \/><p class=\"flex-caption\">20220915_165530<\/p><\/a><\/li><li class=\"ewic-slider\"><a href=\"https:\/\/therawell-melle.de\/2016\/wp-content\/uploads\/2022\/11\/20220915_165725-scaled.jpg\" title=\"20220915_165725\"  rel=\"lightbox[5981] ewicprettyPhoto[598169fb301f3daf4]\"><img title=\"20220915_165725\" class=\"ewic-wid-imgs\" src=\"https:\/\/therawell-melle.de\/2016\/wp-content\/uploads\/2022\/11\/20220915_165725-scaled.jpg\" \/><p class=\"flex-caption\">20220915_165725<\/p><\/a><\/li><li class=\"ewic-slider\"><a href=\"https:\/\/therawell-melle.de\/2016\/wp-content\/uploads\/2022\/11\/20220915_165748-scaled.jpg\" title=\"20220915_165748\"  rel=\"lightbox[5981] ewicprettyPhoto[598169fb301f3daf4]\"><img title=\"20220915_165748\" class=\"ewic-wid-imgs\" src=\"https:\/\/therawell-melle.de\/2016\/wp-content\/uploads\/2022\/11\/20220915_165748-scaled.jpg\" \/><p class=\"flex-caption\">20220915_165748<\/p><\/a><\/li><li class=\"ewic-slider\"><a href=\"https:\/\/therawell-melle.de\/2016\/wp-content\/uploads\/2022\/11\/20220915_165818-scaled.jpg\" title=\"20220915_165818\"  rel=\"lightbox[5981] ewicprettyPhoto[598169fb301f3daf4]\"><img title=\"20220915_165818\" class=\"ewic-wid-imgs\" src=\"https:\/\/therawell-melle.de\/2016\/wp-content\/uploads\/2022\/11\/20220915_165818-scaled.jpg\" \/><p class=\"flex-caption\">20220915_165818<\/p><\/a><\/li><li class=\"ewic-slider\"><a href=\"https:\/\/therawell-melle.de\/2016\/wp-content\/uploads\/2022\/11\/20220915_165855-scaled.jpg\" title=\"20220915_165855\"  rel=\"lightbox[5981] ewicprettyPhoto[598169fb301f3daf4]\"><img title=\"20220915_165855\" class=\"ewic-wid-imgs\" src=\"https:\/\/therawell-melle.de\/2016\/wp-content\/uploads\/2022\/11\/20220915_165855-scaled.jpg\" \/><p class=\"flex-caption\">20220915_165855<\/p><\/a><\/li><li class=\"ewic-slider\"><a href=\"https:\/\/therawell-melle.de\/2016\/wp-content\/uploads\/2022\/11\/20220915_165450-scaled.jpg\" title=\"20220915_165450\"  rel=\"lightbox[5981] ewicprettyPhoto[598169fb301f3daf4]\"><img title=\"20220915_165450\" class=\"ewic-wid-imgs\" src=\"https:\/\/therawell-melle.de\/2016\/wp-content\/uploads\/2022\/11\/20220915_165450-scaled.jpg\" \/><p class=\"flex-caption\">20220915_165450<\/p><\/a><\/li><\/ul><script type=\"text\/javascript\">\r\n\tjQuery(document).ready(function($) {\r\n\r\n\t\t$(\"#preloader-598169fb301f3daf4\").fadeOut(500, function () {\r\n\r\n\t\t\t$(\"#ewic-con-598169fb301f3daf4\").addClass(\"ready_to_show\");\r\n\r\n\t\t\t$(\"a[rel^='ewicprettyPhoto[598169fb301f3daf4]']\").ewcPhoto({\r\n\t\t\t\ttheme: \"ewc_default\",\r\n\t\t\t\tallow_expand: false,\r\n\t\t\t\tdeeplinking: false,\r\n\t\t\t\tslideshow:5000,\r\n\t\t\t\tautoplay_slideshow:true,\r\n\t\t\t\tsocial_tools:false\r\n\t\t\t});\r\n\r\n\t\t\t$(\".flexslider-598169fb301f3daf4\").fadeIn(300);\r\n\r\n\t\t\t$(\"#ewic-con-598169fb301f3daf4\").flexslider({\r\n\t\t\t\tanimation: \"slide\",\r\n\t\t\t\tanimationSpeed: 0,\r\n\t\t\t\tuseCSS: false,\r\n\t\t\t\teasing: \"easeInQuad\",\r\n\t\t\t\tdirection: \"horizontal\",\r\n\t\t\t\tslideshow: true,\r\n\t\t\t\tsmoothHeight: true,\r\n\t\t\t\tpauseOnHover: true,\r\n\t\t\t\tcontrolNav: false,\r\n\t\t\t\tprevText: \"\",\r\n\t\t\t\tnextText: \"\",\r\n\t\t\t\trtl: false,\r\n\t\t\t\tslideshowSpeed: 5000,\r\n\t\t\t\tstart: function(slider){\r\n\t\t\t\t\t$(\"#ewic-con-598169fb301f3daf4\").find(\".flex-caption\").hide();\r\n\t\t\t\t\tvar curSlide = slider.find(\"li.flex-active-slide\");\r\n\t\t\t\t\t$(curSlide).find(\".flex-caption\").slideDown();\r\n\t\t\t\t},\r\n\t\t\t\tbefore: function(slider) {\r\n\t\t\t\t\t$(\"#ewic-con-598169fb301f3daf4\").find(\".flex-caption\").slideUp();\r\n\t\t\t\t},\r\n\t\t\t\tafter: function(slider) {\r\n\t\t\t\t\tvar curSlide = slider.find(\"li.flex-active-slide\");\r\n\t\t\t\t\t$(curSlide).find(\".flex-caption\").slideDown();\r\n\t\t\t\t}\r\n\r\n\t\t\t});\r\n\r\n\t\t});\r\n\r\n\t});\r\n<\/script><\/div>\r\n<\/span><\/p>\n<\/div><\/div>\n<\/div>\n<div>Hier eine \u00dcbersicht \u00fcber unser aktuelles Kursangebot:<\/div>\n<div><div class=\"su-column su-column-size-1-1\"><div class=\"su-column-inner su-u-clearfix su-u-trim\"><div id=\"tablepress-1-scroll-wrapper\" class=\"tablepress-scroll-wrapper\">\n\n<table id=\"tablepress-1\" class=\"tablepress tablepress-id-1 tablepress-responsive\">\n<thead>\n<tr class=\"row-1\">\n\t<th class=\"column-1\">Montag<\/th><th class=\"column-2\">Dienstag<\/th><th class=\"column-3\">Mittwoch<\/th><th class=\"column-4\">Donnerstag<\/th><th class=\"column-5\">Freitag<\/th>\n<\/tr>\n<\/thead>\n<tbody>\n<tr class=\"row-2\">\n\t<td class=\"column-1\"><\/td><td class=\"column-2\"><\/td><td class=\"column-3\"><\/td><td class=\"column-4\"><\/td><td class=\"column-5\">8:30 - 9:00 Uhr<br \/>\nKrankengymnastik im Wasser<br \/>\n(nur mit Verordnung)<\/td>\n<\/tr>\n<tr class=\"row-3\">\n\t<td class=\"column-1\">9:00 - 10:00 Uhr<br \/>\nT-RENA<\/td><td class=\"column-2\">9:00 - 12:00 Uhr<br \/>\nT-RENA<\/td><td class=\"column-3\">9:00 - 11:00 Uhr<br \/>\nT-RENA<\/td><td class=\"column-4\">9:00 - 12:00 Uhr<br \/>\nT-RENA<\/td><td class=\"column-5\">9:00 - 11:00 Uhr<br \/>\nT-RENA<\/td>\n<\/tr>\n<tr class=\"row-4\">\n\t<td class=\"column-1\">10:00 - 11:00 Uhr<br \/>\nWirbels\u00e4ulengymnastik<\/td><td class=\"column-2\"><\/td><td class=\"column-3\">11:30 - 12:00 Uhr<br \/>\nKrankengymnastik im Wasser<br \/>\n(nur mit Verordnung)<\/td><td class=\"column-4\"><\/td><td class=\"column-5\"><\/td>\n<\/tr>\n<tr class=\"row-5\">\n\t<td class=\"column-1\"><\/td><td class=\"column-2\"><\/td><td class=\"column-3\"><\/td><td class=\"column-4\"><\/td><td class=\"column-5\"><\/td>\n<\/tr>\n<tr class=\"row-6\">\n\t<td class=\"column-1\">17:00 - 18:00 Uhr<br \/>\nT-RENA<\/td><td class=\"column-2\"><\/td><td class=\"column-3\"><\/td><td class=\"column-4\">16:00 - 19:00 Uhr<br \/>\nT-RENA<\/td><td class=\"column-5\"><\/td>\n<\/tr>\n<tr class=\"row-7\">\n\t<td class=\"column-1\"><\/td><td class=\"column-2\">16:00 - 19:00 Uhr<br \/>\nT-RENA<\/td><td class=\"column-3\"><\/td><td class=\"column-4\"><\/td><td class=\"column-5\"><\/td>\n<\/tr>\n<tr class=\"row-8\">\n\t<td class=\"column-1\"><\/td><td class=\"column-2\"><\/td><td class=\"column-3\">17:00 - 18:00 Uhr<br \/>\nT-RENA<\/td><td class=\"column-4\"><\/td><td class=\"column-5\"><\/td>\n<\/tr>\n<\/tbody>\n<\/table>\n\n<\/div><!-- #tablepress-1 from cache --><\/div><\/div><\/div>\n","protected":false},"excerpt":{"rendered":"<p>Zur Vorbeugung von Beschwerden bieten wir folgende pr\u00e4ventive Ma\u00dfnahmen an: Hier eine \u00dcbersicht \u00fcber unser aktuelles Kursangebot:<\/p>\n","protected":false},"author":1,"featured_media":0,"parent":0,"menu_order":0,"comment_status":"closed","ping_status":"closed","template":"template-fullwidth.php","meta":[],"_links":{"self":[{"href":"https:\/\/therawell-melle.de\/2016\/wp-json\/wp\/v2\/pages\/5587"}],"collection":[{"href":"https:\/\/therawell-melle.de\/2016\/wp-json\/wp\/v2\/pages"}],"about":[{"href":"https:\/\/therawell-melle.de\/2016\/wp-json\/wp\/v2\/types\/page"}],"author":[{"embeddable":true,"href":"https:\/\/therawell-melle.de\/2016\/wp-json\/wp\/v2\/users\/1"}],"replies":[{"embeddable":true,"href":"https:\/\/therawell-melle.de\/2016\/wp-json\/wp\/v2\/comments?post=5587"}],"version-history":[{"count":10,"href":"https:\/\/therawell-melle.de\/2016\/wp-json\/wp\/v2\/pages\/5587\/revisions"}],"predecessor-version":[{"id":7990,"href":"https:\/\/therawell-melle.de\/2016\/wp-json\/wp\/v2\/pages\/5587\/revisions\/7990"}],"wp:attachment":[{"href":"https:\/\/therawell-melle.de\/2016\/wp-json\/wp\/v2\/media?parent=5587"}],"curies":[{"name":"wp","href":"https:\/\/api.w.org\/{rel}","templated":true}]}}